{"id":165,"date":"2018-10-08T16:19:27","date_gmt":"2018-10-08T19:19:27","guid":{"rendered":"http:\/\/dashaus.app.br\/?page_id=165"},"modified":"2023-11-16T11:14:59","modified_gmt":"2023-11-16T14:14:59","slug":"perguntas","status":"publish","type":"page","link":"https:\/\/dashaus.app.br\/en\/perguntas\/","title":{"rendered":"Questions?"},"content":{"rendered":"<div data-parent=\"true\" class=\"vc_row row-container\" id=\"row-unique-0\"><div class=\"row double-top-padding single-bottom-padding single-h-padding limit-width row-parent\"><div class=\"wpb_row row-inner\"><div class=\"wpb_column pos-top pos-center align_left column_parent col-lg-12 single-internal-gutter\"><div class=\"uncol style-light\"  ><div class=\"uncoltable\"><div class=\"uncell no-block-padding\" ><div class=\"uncont\"><div class=\"vc_custom_heading_wrap\"><div class=\"heading-text el-text\" ><h2 class=\"fontsize-160136 fontspace-551672 text-color-0096aa-color text-uppercase\" ><span>Sobre a DasHaus<\/span><\/h2><\/div><div class=\"clear\"><\/div><\/div><div class=\"uncode-accordion wpb_accordion wpb_content_element\" data-collapsible=\"no\" data-target=\"\" data-active-tab=\"1\" >\n\t\t<div class=\"panel-group wpb_wrapper wpb_accordion_wrapper\" id=\"accordion_449155038\" role=\"tablist\" aria-multiselectable=\"true\">\n\n<div class=\"panel panel-default wpb_accordion_section group\"><div class=\"panel-heading wpb_accordion_header ui-accordion-header\" role=\"tab\"><p class=\"panel-title active\"><a data-toggle=\"collapse\" data-parent=\"#accordion_449155038\" href=\"#1539027232-1-23\"><span>O que \u00e9 a DasHaus Business Bank?<\/span><\/a><\/p><\/div><div id=\"1539027232-1-23\" class=\"panel-collapse collapse in\" role=\"tabpanel\"><div class=\"panel-body wpb_accordion_content ui-accordion-content half-internal-gutter single-block-padding\">\n\t\t\t\t\t\t<div class=\"uncode_text_column\" ><p>Com mais de 30 anos no mercado financeiro, o Grupo DasHaus \u00e9 composto pelas empresas: Mathematica Empresarial, DasHaus International, DasHaus Business Bank e Afiliar-se. Oferecemos ao mercado uma solu\u00e7\u00e3o digital para o mercado financeiro, com foco em ecossistemas, temos como pilar a seguran\u00e7a, tecnologia e transpar\u00eancia nos servi\u00e7os.<\/p>\n<\/div><\/div><\/div><\/div><div class=\"panel panel-default wpb_accordion_section group\"><div class=\"panel-heading wpb_accordion_header ui-accordion-header\" role=\"tab\"><p class=\"panel-title\"><a data-toggle=\"collapse\" data-parent=\"#accordion_449155038\" href=\"#1539027350874-2-6\"><span>Quais s\u00e3o as taxas e tarifas da DasHaus Business Bank?<\/span><\/a><\/p><\/div><div id=\"1539027350874-2-6\" class=\"panel-collapse collapse\" role=\"tabpanel\"><div class=\"panel-body wpb_accordion_content ui-accordion-content half-internal-gutter single-block-padding\">\n\t\t\t\t\t\t<div class=\"uncode_text_column\" ><p>DasHaus Business Bank Mastercard. SEM burocracia, an\u00e1lise de cr\u00e9dito sem comprova\u00e7\u00e3o de renda. Taxas competitivas, venda no cr\u00e9dito parcelado em at\u00e9 12x e receba \u00e0 vista de forma r\u00e1pida e com total seguran\u00e7a, voc\u00ea planeja como quer receber sua antecipa\u00e7\u00e3o: todo dia, toda semana ou todo m\u00eas.<\/p>\n<\/div><\/div><\/div><\/div><div class=\"panel panel-default wpb_accordion_section group\"><div class=\"panel-heading wpb_accordion_header ui-accordion-header\" role=\"tab\"><p class=\"panel-title\"><a data-toggle=\"collapse\" data-parent=\"#accordion_449155038\" href=\"#1539027369470-3-3\"><span>Quem pode ter um cart\u00e3o da DasHaus Business Bank?<\/span><\/a><\/p><\/div><div id=\"1539027369470-3-3\" class=\"panel-collapse collapse\" role=\"tabpanel\"><div class=\"panel-body wpb_accordion_content ui-accordion-content half-internal-gutter single-block-padding\">\n\t\t\t\t\t\t<div class=\"uncode_text_column\" ><p>N\u00e3o \u00e9 preciso ter conta em banco para aproveitar todas as vantagens do seu Cart\u00e3o Pr\u00e9-Pago DasHaus Business Bank. Sem burocracia, an\u00e1lise de cr\u00e9dito ou comprova\u00e7\u00e3o de renda. Transfira dinheiro da Conta Digital para o cart\u00e3o. Saques em terminais do Banco 24hrs. Mensalidade de R$ 3,00.<\/p>\n<\/div><\/div><\/div><\/div><div class=\"panel panel-default wpb_accordion_section group\"><div class=\"panel-heading wpb_accordion_header ui-accordion-header\" role=\"tab\"><p class=\"panel-title\"><a data-toggle=\"collapse\" data-parent=\"#accordion_449155038\" href=\"#1539027386020-4-10\"><span>Como fa\u00e7o para pedir meu cart\u00e3o Mastercard DasHaus Business Bank?<\/span><\/a><\/p><\/div><div id=\"1539027386020-4-10\" class=\"panel-collapse collapse\" role=\"tabpanel\"><div class=\"panel-body wpb_accordion_content ui-accordion-content half-internal-gutter single-block-padding\">\n\t\t\t\t\t\t<div class=\"uncode_text_column\" ><p>F\u00e1cil, \u00e1gil e de forma pr\u00e1tica, Acesse o site www.dashaus.app.br \/ &#8220;Acessar minha Conta&#8221; digite c\u00f3digo ou e-mail e senha. Depois clique na fun\u00e7\u00e3o &#8220;Cart\u00f5es&#8221; \/ &#8220;Solicitar&#8221; \/ &#8220;Cadastrar Cart\u00e3o DasHaus&#8221;. O prazo de entrega no endere\u00e7o cadastrado \u00e9 de at\u00e9 15 dias \u00fateis.<\/p>\n<\/div><\/div><\/div><\/div>\n\t\t<\/div>\n\t<\/div><\/div><\/div><\/div><\/div><\/div><script id=\"script-row-unique-0\" data-row=\"script-row-unique-0\" type=\"text\/javascript\" class=\"vc_controls\">UNCODE.initRow(document.getElementById(\"row-unique-0\"));<\/script><\/div><\/div><\/div><div data-parent=\"true\" class=\"vc_row row-container\" id=\"row-unique-1\"><div class=\"row limit-width row-parent\"><div class=\"wpb_row row-inner\"><div class=\"wpb_column pos-top pos-center align_left column_parent col-lg-12 single-internal-gutter\"><div class=\"uncol style-light\"  ><div class=\"uncoltable\"><div class=\"uncell no-block-padding\" ><div class=\"uncont\"><div class=\"vc_custom_heading_wrap\"><div class=\"heading-text el-text\" ><h2 class=\"fontsize-160136 fontspace-551672 text-color-0096aa-color text-uppercase\" ><span>About the digital account<\/span><\/h2><\/div><div class=\"clear\"><\/div><\/div><div class=\"uncode-accordion wpb_accordion wpb_content_element\" data-collapsible=\"no\" data-target=\"\" data-active-tab=\"1\" >\n\t\t<div class=\"panel-group wpb_wrapper wpb_accordion_wrapper\" id=\"accordion_1698327237\" role=\"tablist\" aria-multiselectable=\"true\">\n\n<div class=\"panel panel-default wpb_accordion_section group\"><div class=\"panel-heading wpb_accordion_header ui-accordion-header\" role=\"tab\"><p class=\"panel-title active\"><a data-toggle=\"collapse\" data-parent=\"#accordion_1698327237\" href=\"#1539027419847-6-0\"><span>I forgot my password, how do I request another?<\/span><\/a><\/p><\/div><div id=\"1539027419847-6-0\" class=\"panel-collapse collapse in\" role=\"tabpanel\"><div class=\"panel-body wpb_accordion_content ui-accordion-content half-internal-gutter single-block-padding\">\n\t\t\t\t\t\t<div class=\"uncode_text_column\" ><p>Acesse o site www.dashaus.app.br clique em Acessar minha Conta e Esqueci Minha Senha. No APP entre no aplicativo e clique em Esqueceu a senha.<\/p>\n<\/div><\/div><\/div><\/div><div class=\"panel panel-default wpb_accordion_section group\"><div class=\"panel-heading wpb_accordion_header ui-accordion-header\" role=\"tab\"><p class=\"panel-title\"><a data-toggle=\"collapse\" data-parent=\"#accordion_1698327237\" href=\"#1539027451945-6-5\"><span>How do I change the portal password?<\/span><\/a><\/p><\/div><div id=\"1539027451945-6-5\" class=\"panel-collapse collapse\" role=\"tabpanel\"><div class=\"panel-body wpb_accordion_content ui-accordion-content half-internal-gutter single-block-padding\">\n\t\t\t\t\t\t<div class=\"uncode_text_column\" ><p>Para alterar a senha do portal, acesse o site www.dashaus.app.br\u00a0 e clique em Acessar minha Conta e Alterar Senha.<\/p>\n<\/div><\/div><\/div><\/div><div class=\"panel panel-default wpb_accordion_section group\"><div class=\"panel-heading wpb_accordion_header ui-accordion-header\" role=\"tab\"><p class=\"panel-title\"><a data-toggle=\"collapse\" data-parent=\"#accordion_1698327237\" href=\"#1539027472049-7-1\"><span>How do I include\/change my documents for approval?<\/span><\/a><\/p><\/div><div id=\"1539027472049-7-1\" class=\"panel-collapse collapse\" role=\"tabpanel\"><div class=\"panel-body wpb_accordion_content ui-accordion-content half-internal-gutter single-block-padding\">\n\t\t\t\t\t\t<div class=\"uncode_text_column\" ><p>Acesse o site www.dashaus.app.br clique em Acessar minha Conta fa\u00e7a o login clique na fun\u00e7\u00e3o Consultas | Meus Dados | Incluir Documentos, na tela est\u00e1 especificado o passo a passo para inclus\u00e3o.<br \/>\nNote: You will receive an email notifying the approval or rejection of the documents. The Compliance area will have 1 business day for analysis.<br \/>\nThe portal functionalities will only be active after the approval of all documents.<\/p>\n<\/div><\/div><\/div><\/div><div class=\"panel panel-default wpb_accordion_section group\"><div class=\"panel-heading wpb_accordion_header ui-accordion-header\" role=\"tab\"><p class=\"panel-title\"><a data-toggle=\"collapse\" data-parent=\"#accordion_1698327237\" href=\"#1540905178020-4-7\"><span>Where can I check the prepaid account statement?<\/span><\/a><\/p><\/div><div id=\"1540905178020-4-7\" class=\"panel-collapse collapse\" role=\"tabpanel\"><div class=\"panel-body wpb_accordion_content ui-accordion-content half-internal-gutter single-block-padding\">\n\t\t\t\t\t\t<div class=\"uncode_text_column\" ><p>Acesse o site www.dashaus.app.br clique em Acessar minha Conta fa\u00e7a o login clique na fun\u00e7\u00e3o Consultas e Extrato Conta Pr\u00e9 Paga.<br \/>\nIn the APP, log in and click on Queries, in the bottom menu, select Sales.<\/p>\n<\/div><\/div><\/div><\/div><div class=\"panel panel-default wpb_accordion_section group\"><div class=\"panel-heading wpb_accordion_header ui-accordion-header\" role=\"tab\"><p class=\"panel-title\"><a data-toggle=\"collapse\" data-parent=\"#accordion_1698327237\" href=\"#1540905250740-4-10\"><span>Where can I check the sales statement?<\/span><\/a><\/p><\/div><div id=\"1540905250740-4-10\" class=\"panel-collapse collapse\" role=\"tabpanel\"><div class=\"panel-body wpb_accordion_content ui-accordion-content half-internal-gutter single-block-padding\">\n\t\t\t\t\t\t<div class=\"uncode_text_column\" ><p>Acesse o site www.dashaus.app.br clique em Acessar minha Conta fa\u00e7a o login clique na fun\u00e7\u00e3o Consultas e Extrato Vendas.<br \/>\nIn the APP, log in and click on Queries, in the bottom menu, select Sales.<\/p>\n<\/div><\/div><\/div><\/div><div class=\"panel panel-default wpb_accordion_section group\"><div class=\"panel-heading wpb_accordion_header ui-accordion-header\" role=\"tab\"><p class=\"panel-title\"><a data-toggle=\"collapse\" data-parent=\"#accordion_1698327237\" href=\"#1540905270439-5-8\"><span>I need to transfer values from my prepaid account. How do I do it?<\/span><\/a><\/p><\/div><div id=\"1540905270439-5-8\" class=\"panel-collapse collapse\" role=\"tabpanel\"><div class=\"panel-body wpb_accordion_content ui-accordion-content half-internal-gutter single-block-padding\">\n\t\t\t\t\t\t<div class=\"uncode_text_column\" ><p>Acesse o site http:\/\/ www.dashaus.app.br clique em Acessar minha Conta fa\u00e7a o login clique na fun\u00e7\u00e3o Transfer\u00eancias selecione a op\u00e7\u00e3o desejada e siga as instru\u00e7\u00f5es.<br \/>\nIn the APP, log in and click on Transfers, select the desired option, and follow the instructions.<br \/>\nNote: Processing time 9:30 am \/ 11:00 am \/ 3:30 pm, TEDs will be in destination accounts after two hours of each processing, and transfers requested after 3:30 pm will be processed on the next business day. Bras\u00edlia, DF time.<\/p>\n<\/div><\/div><\/div><\/div><div class=\"panel panel-default wpb_accordion_section group\"><div class=\"panel-heading wpb_accordion_header ui-accordion-header\" role=\"tab\"><p class=\"panel-title\"><a data-toggle=\"collapse\" data-parent=\"#accordion_1698327237\" href=\"#1540905314371-6-10\"><span>How do I pay bills?<\/span><\/a><\/p><\/div><div id=\"1540905314371-6-10\" class=\"panel-collapse collapse\" role=\"tabpanel\"><div class=\"panel-body wpb_accordion_content ui-accordion-content half-internal-gutter single-block-padding\">\n\t\t\t\t\t\t<div class=\"uncode_text_column\" ><p>Acesse o site http:\/\/ www.dashaus.app.br clique em Acessar minha Conta fa\u00e7a o login clique na fun\u00e7\u00e3o Pagamentos, selecione a op\u00e7\u00e3o desejada e siga as instru\u00e7\u00f5es.<br \/>\nIn the APP, log in and click on Payments, select the desired option, and follow the instructions.<br \/>\nNote: Payment hours until 5:00 pm, after that it will be processed on the next business day.<\/p>\n<\/div><\/div><\/div><\/div><div class=\"panel panel-default wpb_accordion_section group\"><div class=\"panel-heading wpb_accordion_header ui-accordion-header\" role=\"tab\"><p class=\"panel-title\"><a data-toggle=\"collapse\" data-parent=\"#accordion_1698327237\" href=\"#1540905345151-7-4\"><span>How do I request my prepaid card?<\/span><\/a><\/p><\/div><div id=\"1540905345151-7-4\" class=\"panel-collapse collapse\" role=\"tabpanel\"><div class=\"panel-body wpb_accordion_content ui-accordion-content half-internal-gutter single-block-padding\">\n\t\t\t\t\t\t<div class=\"uncode_text_column\" ><p>Acesse o site www.dashaus.app.br clique em Acessar minha Conta fa\u00e7a o login clique na fun\u00e7\u00e3o Cart\u00f5es | Solicitar\/ Cadastrar Cart\u00e3o DASHAUS BUSINESS BANK e siga as instru\u00e7\u00f5es.<br \/>\nNo APP entre no aplicativo fa\u00e7a o login e clique em Cart\u00f5es | Solicitar\/ Cadastrar Cart\u00e3o DASHAUS BUSINESS BANK, e siga as instru\u00e7\u00f5es.<br \/>\nNote: The delivery time to the registered address is up to 15 business days.<\/p>\n<\/div><\/div><\/div><\/div><div class=\"panel panel-default wpb_accordion_section group\"><div class=\"panel-heading wpb_accordion_header ui-accordion-header\" role=\"tab\"><p class=\"panel-title\"><a data-toggle=\"collapse\" data-parent=\"#accordion_1698327237\" href=\"#1540905363320-8-2\"><span>How do I credit my prepaid account?<\/span><\/a><\/p><\/div><div id=\"1540905363320-8-2\" class=\"panel-collapse collapse\" role=\"tabpanel\"><div class=\"panel-body wpb_accordion_content ui-accordion-content half-internal-gutter single-block-padding\">\n\t\t\t\t\t\t<div class=\"uncode_text_column\" ><p>The account is credited through transactions on POS or through the \"Account Recharge\" functionality on the website http:\/\/dashaus.app.br. Click on \"Access my Account,\" log in, click on \"Billing | Account Recharge,\" and follow the instructions.<br \/>\nIn the app, log in, click on \"Generate Boleto | Prepaid Account Recharge,\" and follow the instructions.<\/p>\n<\/div><\/div><\/div><\/div><div class=\"panel panel-default wpb_accordion_section group\"><div class=\"panel-heading wpb_accordion_header ui-accordion-header\" role=\"tab\"><p class=\"panel-title\"><a data-toggle=\"collapse\" data-parent=\"#accordion_1698327237\" href=\"#1540905378452-9-3\"><span>How do I recharge my cellphone?<\/span><\/a><\/p><\/div><div id=\"1540905378452-9-3\" class=\"panel-collapse collapse\" role=\"tabpanel\"><div class=\"panel-body wpb_accordion_content ui-accordion-content half-internal-gutter single-block-padding\">\n\t\t\t\t\t\t<div class=\"uncode_text_column\" ><p>Access the website http:\/\/dashaus.app.br, click on \"Access my Account,\" log in, click on \"Mobile Recharge,\" and follow the instructions.<br \/>\nIn the app, log in, click on \"Mobile Recharge,\" and follow the instructions.<\/p>\n<\/div><\/div><\/div><\/div><div class=\"panel panel-default wpb_accordion_section group\"><div class=\"panel-heading wpb_accordion_header ui-accordion-header\" role=\"tab\"><p class=\"panel-title\"><a data-toggle=\"collapse\" data-parent=\"#accordion_1698327237\" href=\"#1540905403202-10-2\"><span>How and which app to download to perform these tasks?<\/span><\/a><\/p><\/div><div id=\"1540905403202-10-2\" class=\"panel-collapse collapse\" role=\"tabpanel\"><div class=\"panel-body wpb_accordion_content ui-accordion-content half-internal-gutter single-block-padding\">\n\t\t\t\t\t\t<div class=\"uncode_text_column\" ><p>Android na Play Store e IOS na Apple Store procure por DASHAUS BUSINESS BANK.<\/p>\n<\/div><\/div><\/div><\/div><div class=\"panel panel-default wpb_accordion_section group\"><div class=\"panel-heading wpb_accordion_header ui-accordion-header\" role=\"tab\"><p class=\"panel-title\"><a data-toggle=\"collapse\" data-parent=\"#accordion_1698327237\" href=\"#1540905425567-11-10\"><span>Que tipo de POS a DASHAUS BUSINESS BANK trabalha?<\/span><\/a><\/p><\/div><div id=\"1540905425567-11-10\" class=\"panel-collapse collapse\" role=\"tabpanel\"><div class=\"panel-body wpb_accordion_content ui-accordion-content half-internal-gutter single-block-padding\">\n\t\t\t\t\t\t<div class=\"uncode_text_column\" ><p>We work with traditional POS with proof of purchase printing. The model is PAX: S920.<\/p>\n<\/div><\/div><\/div><\/div><div class=\"panel panel-default wpb_accordion_section group\"><div class=\"panel-heading wpb_accordion_header ui-accordion-header\" role=\"tab\"><p class=\"panel-title\"><a data-toggle=\"collapse\" data-parent=\"#accordion_1698327237\" href=\"#1540905469566-12-6\"><span>Can I use the POS on WiFi?<\/span><\/a><\/p><\/div><div id=\"1540905469566-12-6\" class=\"panel-collapse collapse\" role=\"tabpanel\"><div class=\"panel-body wpb_accordion_content ui-accordion-content half-internal-gutter single-block-padding\">\n\t\t\t\t\t\t<div class=\"uncode_text_column\" ><p>Yes, in addition to WiFi, you can also use it on GPRS.<\/p>\n<\/div><\/div><\/div><\/div><div class=\"panel panel-default wpb_accordion_section group\"><div class=\"panel-heading wpb_accordion_header ui-accordion-header\" role=\"tab\"><p class=\"panel-title\"><a data-toggle=\"collapse\" data-parent=\"#accordion_1698327237\" href=\"#1540905506411-13-5\"><span>How do I configure the POS?<\/span><\/a><\/p><\/div><div id=\"1540905506411-13-5\" class=\"panel-collapse collapse\" role=\"tabpanel\"><div class=\"panel-body wpb_accordion_content ui-accordion-content half-internal-gutter single-block-padding\">\n\t\t\t\t\t\t<div class=\"uncode_text_column\" ><p>For GPRS: go to the main menu, select Settings + Network + GPRS + APN (option 1 Agilis). For WiFi: go to the main menu, select Settings + Network + WiFi + Select Network + Password.<\/p>\n<\/div><\/div><\/div><\/div><div class=\"panel panel-default wpb_accordion_section group\"><div class=\"panel-heading wpb_accordion_header ui-accordion-header\" role=\"tab\"><p class=\"panel-title\"><a data-toggle=\"collapse\" data-parent=\"#accordion_1698327237\" href=\"#1540905526931-14-8\"><span>Do I receive notifications of operations on my phone?<\/span><\/a><\/p><\/div><div id=\"1540905526931-14-8\" class=\"panel-collapse collapse\" role=\"tabpanel\"><div class=\"panel-body wpb_accordion_content ui-accordion-content half-internal-gutter single-block-padding\">\n\t\t\t\t\t\t<div class=\"uncode_text_column\" ><p>Yes, you receive quick and practical notifications about your account.<br \/>\nAfter logging in, go to Settings and enable the option. You will receive notifications of Teds, receipts of your bills, notifications of transfers, among others.<\/p>\n<\/div><\/div><\/div><\/div><div class=\"panel panel-default wpb_accordion_section group\"><div class=\"panel-heading wpb_accordion_header ui-accordion-header\" role=\"tab\"><p class=\"panel-title\"><a data-toggle=\"collapse\" data-parent=\"#accordion_1698327237\" href=\"#1540905543412-15-10\"><span>Orienta\u00e7\u00e3o para voc\u00ea abrir sua conta digital na DASHAUS BUSINESS BANK.<\/span><\/a><\/p><\/div><div id=\"1540905543412-15-10\" class=\"panel-collapse collapse\" role=\"tabpanel\"><div class=\"panel-body wpb_accordion_content ui-accordion-content half-internal-gutter single-block-padding\">\n\t\t\t\t\t\t<div class=\"uncode_text_column\" ><\/p>\n<ul>\n<li>Download and install the APP.<\/li>\n<li>Fill in your details.<\/li>\n<li>Check the registration form and read the terms carefully.<\/li>\n<li>Take a selfie and click continue.<\/li>\n<li>Photograph the front and back of your ID and CPF.<\/li>\n<li>Sign five times according to your document and photograph.<\/li>\n<li>Take a photo of your proof of address.<\/li>\n<li>Check if the photos are clear.<\/li>\n<\/ul>\n<p>\n<\/div><\/div><\/div><\/div><div class=\"panel panel-default wpb_accordion_section group\"><div class=\"panel-heading wpb_accordion_header ui-accordion-header\" role=\"tab\"><p class=\"panel-title\"><a data-toggle=\"collapse\" data-parent=\"#accordion_1698327237\" href=\"#1540905617135-16-5\"><span>Onde o cart\u00e3o DASHAUS BUSINESS BANK \u00c9 ACEITO?<\/span><\/a><\/p><\/div><div id=\"1540905617135-16-5\" class=\"panel-collapse collapse\" role=\"tabpanel\"><div class=\"panel-body wpb_accordion_content ui-accordion-content half-internal-gutter single-block-padding\">\n\t\t\t\t\t\t<div class=\"uncode_text_column\" ><p>It is accepted worldwide, both in physical and virtual establishments, as long as they accept the Mastercard brand for credit purchases.<\/p>\n<\/div><\/div><\/div><\/div><div class=\"panel panel-default wpb_accordion_section group\"><div class=\"panel-heading wpb_accordion_header ui-accordion-header\" role=\"tab\"><p class=\"panel-title\"><a data-toggle=\"collapse\" data-parent=\"#accordion_1698327237\" href=\"#1540905642178-17-2\"><span>Como carrego saldo na conta do cart\u00e3o DASHAUS BUSINESS BANK?<\/span><\/a><\/p><\/div><div id=\"1540905642178-17-2\" class=\"panel-collapse collapse\" role=\"tabpanel\"><div class=\"panel-body wpb_accordion_content ui-accordion-content half-internal-gutter single-block-padding\">\n\t\t\t\t\t\t<div class=\"uncode_text_column\" ><p>You should transfer a value from your digital payment account to the desired card.<\/p>\n<\/div><\/div><\/div><\/div><div class=\"panel panel-default wpb_accordion_section group\"><div class=\"panel-heading wpb_accordion_header ui-accordion-header\" role=\"tab\"><p class=\"panel-title\"><a data-toggle=\"collapse\" data-parent=\"#accordion_1698327237\" href=\"#1540905661438-18-3\"><span>Posso parcelar compras com o meu cart\u00e3o DASHAUS BUSINESS BANK?<\/span><\/a><\/p><\/div><div id=\"1540905661438-18-3\" class=\"panel-collapse collapse\" role=\"tabpanel\"><div class=\"panel-body wpb_accordion_content ui-accordion-content half-internal-gutter single-block-padding\">\n\t\t\t\t\t\t<div class=\"uncode_text_column\" ><p>No, installment purchases are not allowed on the card.<br \/>\nPurchases must be made in the credit mode and always in full.<\/p>\n<\/div><\/div><\/div><\/div><div class=\"panel panel-default wpb_accordion_section group\"><div class=\"panel-heading wpb_accordion_header ui-accordion-header\" role=\"tab\"><p class=\"panel-title\"><a data-toggle=\"collapse\" data-parent=\"#accordion_1698327237\" href=\"#1540905691431-19-4\"><span>Quais as vantagens de um cart\u00e3o pre-pago DASHAUS BUSINESS BANK?<\/span><\/a><\/p><\/div><div id=\"1540905691431-19-4\" class=\"panel-collapse collapse\" role=\"tabpanel\"><div class=\"panel-body wpb_accordion_content ui-accordion-content half-internal-gutter single-block-padding\">\n\t\t\t\t\t\t<div class=\"uncode_text_column\" ><p>The prepaid credit card gives you access to all services and purchases that require a credit card as a form of payment, but without the corresponding fees or bills at the end of the month.<\/p>\n<\/div><\/div><\/div><\/div><div class=\"panel panel-default wpb_accordion_section group\"><div class=\"panel-heading wpb_accordion_header ui-accordion-header\" role=\"tab\"><p class=\"panel-title\"><a data-toggle=\"collapse\" data-parent=\"#accordion_1698327237\" href=\"#1540905714156-20-1\"><span>Posso fazer saques em caixas eletr\u00f4nicos usando o cart\u00e3o DASHAUS BUSINESS BANK?<\/span><\/a><\/p><\/div><div id=\"1540905714156-20-1\" class=\"panel-collapse collapse\" role=\"tabpanel\"><div class=\"panel-body wpb_accordion_content ui-accordion-content half-internal-gutter single-block-padding\">\n\t\t\t\t\t\t<div class=\"uncode_text_column\" ><p>In Brazil, you can withdraw cash at ATMs from TecBan Network - Banco 24 Horas. For international cards, cash withdrawals are available at ATMs marked with the CIRRUS logo. This service incurs a fee.<\/p>\n<\/div><\/div><\/div><\/div>\n\t\t<\/div>\n\t<\/div><\/div><\/div><\/div><\/div><\/div><script id=\"script-row-unique-1\" data-row=\"script-row-unique-1\" type=\"text\/javascript\" class=\"vc_controls\">UNCODE.initRow(document.getElementById(\"row-unique-1\"));<\/script><\/div><\/div><\/div>","protected":false},"excerpt":{"rendered":"Sobre a DasHaus O que \u00e9 a DasHaus Business Bank? Com mais de 30 anos no mercado financeiro, o Grupo [...]","protected":false},"author":1,"featured_media":0,"parent":0,"menu_order":0,"comment_status":"closed","ping_status":"closed","template":"","meta":{"footnotes":""},"class_list":["post-165","page","type-page","status-publish","hentry"],"_links":{"self":[{"href":"https:\/\/dashaus.app.br\/en\/wp-json\/wp\/v2\/pages\/165","targetHints":{"allow":["GET"]}}],"collection":[{"href":"https:\/\/dashaus.app.br\/en\/wp-json\/wp\/v2\/pages"}],"about":[{"href":"https:\/\/dashaus.app.br\/en\/wp-json\/wp\/v2\/types\/page"}],"author":[{"embeddable":true,"href":"https:\/\/dashaus.app.br\/en\/wp-json\/wp\/v2\/users\/1"}],"replies":[{"embeddable":true,"href":"https:\/\/dashaus.app.br\/en\/wp-json\/wp\/v2\/comments?post=165"}],"version-history":[{"count":18,"href":"https:\/\/dashaus.app.br\/en\/wp-json\/wp\/v2\/pages\/165\/revisions"}],"predecessor-version":[{"id":487,"href":"https:\/\/dashaus.app.br\/en\/wp-json\/wp\/v2\/pages\/165\/revisions\/487"}],"wp:attachment":[{"href":"https:\/\/dashaus.app.br\/en\/wp-json\/wp\/v2\/media?parent=165"}],"curies":[{"name":"wp","href":"https:\/\/api.w.org\/{rel}","templated":true}]}}