{"id":158,"date":"2018-10-08T16:17:49","date_gmt":"2018-10-08T19:17:49","guid":{"rendered":"http:\/\/dashaus.app.br\/?page_id=158"},"modified":"2023-11-13T18:37:56","modified_gmt":"2023-11-13T21:37:56","slug":"nossas-solucoes","status":"publish","type":"page","link":"https:\/\/dashaus.app.br\/en\/nossas-solucoes\/","title":{"rendered":"Our solutions"},"content":{"rendered":"<div data-parent=\"true\" class=\"vc_row sticky-element style-color-007c95-0096aa-bg row-container tablet-hidden mobile-hidden\" style=\"z-index: 10;\" id=\"row-unique-0\"><div class=\"row limit-width row-parent\"><div class=\"wpb_row row-inner\"><div class=\"wpb_column pos-middle pos-center align_center column_parent col-lg-12 single-internal-gutter\"><div class=\"uncol style-dark\"  ><div class=\"uncoltable\"><div class=\"uncell no-block-padding\" ><div class=\"uncont\"><div class=\"vc_wp_custommenu wpb_content_element quick-vertical-menu\"  data-id=\"1\"><div class=\"widget widget_nav_menu\"><div class=\"menu-footer-solucoes-container\"><ul id=\"menu-footer-solucoes\" class=\"menu-smart sm menu-horizontal\"><li id=\"menu-item-90\" class=\"menu-item menu-item-type-custom menu-item-object-custom menu-item-90\"><a href=\"http:\/\/dashaus.app.br\/en\/nossas-solucoes\/#conta-digital\">Digital Account<\/a><\/li>\n<li id=\"menu-item-92\" class=\"menu-item menu-item-type-custom menu-item-object-custom menu-item-92\"><a href=\"http:\/\/dashaus.app.br\/en\/nossas-solucoes\/#cartoes-mastercard\">Mastercard<\/a><\/li>\n<li id=\"menu-item-91\" class=\"menu-item menu-item-type-custom menu-item-object-custom menu-item-91\"><a href=\"http:\/\/dashaus.app.br\/en\/nossas-solucoes\/#maquinas-de-cartao\">Card Machines<\/a><\/li>\n<li id=\"menu-item-93\" class=\"menu-item menu-item-type-custom menu-item-object-custom menu-item-93\"><a href=\"http:\/\/dashaus.app.br\/en\/nossas-solucoes\/#checkout-online\">Online Checkout<\/a><\/li>\n<li id=\"menu-item-94\" class=\"menu-item menu-item-type-custom menu-item-object-custom menu-item-94\"><a href=\"http:\/\/dashaus.app.br\/en\/nossas-solucoes\/#investimentos\">Investments<\/a><\/li>\n<li id=\"menu-item-254\" class=\"menu-item menu-item-type-custom menu-item-object-custom menu-item-254\"><a href=\"http:\/\/dashaus.app.br\/en\/nossas-solucoes\/#totens-digitais\">Digital Totem<\/a><\/li>\n<\/ul><\/div><\/div><\/div><\/div><\/div><\/div><\/div><\/div><script id=\"script-row-unique-0\" data-row=\"script-row-unique-0\" type=\"text\/javascript\" class=\"vc_controls\">UNCODE.initRow(document.getElementById(\"row-unique-0\"));<\/script><\/div><\/div><\/div><div data-parent=\"true\" class=\"vc_row row-container onepage-section\" data-label=\"conta-digital\" data-name=\"conta-digital\" id=\"row-unique-1\"><div class=\"row quad-top-padding quad-bottom-padding single-h-padding limit-width row-parent\"><div class=\"wpb_row row-inner\"><div class=\"wpb_column pos-bottom pos-center align_center column_parent col-lg-5 no-internal-gutter\"><div class=\"uncol style-light unexpand\"  ><div class=\"uncoltable\"><div class=\"uncell no-block-padding\" ><div class=\"uncont\"><div class=\"uncode-single-media  text-center\"><div class=\"single-wrapper\" style=\"max-width: 422px;\"><div class=\"tmb tmb-light  tmb-media-first tmb-media-last tmb-content-overlay tmb-no-bg\"><div class=\"t-inside\"><div class=\"t-entry-visual\"><div class=\"t-entry-visual-tc\"><div class=\"uncode-single-media-wrapper\"><img decoding=\"async\" class=\"wp-image-476\" src=\"https:\/\/dashaus.app.br\/wp-content\/uploads\/2023\/11\/dashaus-conta-digital.png\" width=\"422\" height=\"504\" alt=\"\" srcset=\"https:\/\/dashaus.app.br\/wp-content\/uploads\/2023\/11\/dashaus-conta-digital.png 422w, https:\/\/dashaus.app.br\/wp-content\/uploads\/2023\/11\/dashaus-conta-digital-251x300.png 251w, https:\/\/dashaus.app.br\/wp-content\/uploads\/2023\/11\/dashaus-conta-digital-10x12.png 10w, https:\/\/dashaus.app.br\/wp-content\/uploads\/2023\/11\/dashaus-conta-digital-350x418.png 350w\" sizes=\"(max-width: 422px) 100vw, 422px\" \/><\/div>\n\t\t\t\t\t<\/div>\n\t\t\t\t<\/div><\/div><\/div><\/div><\/div><\/div><\/div><\/div><\/div><\/div><div class=\"wpb_column pos-top pos-center align_left column_parent col-lg-7 single-internal-gutter\"><div class=\"uncol style-light\"  ><div class=\"uncoltable\"><div class=\"uncell no-block-padding\" ><div class=\"uncont\"><div class=\"vc_row row-internal row-container\"><div class=\"row row-child\"><div class=\"wpb_row row-inner\"><div class=\"wpb_column pos-top pos-left align_left column_child col-lg-12 single-internal-gutter\"><div class=\"uncol style-light\" ><div class=\"uncoltable\"><div class=\"uncell no-block-padding\" ><div class=\"uncont\"><div class=\"vc_custom_heading_wrap\"><div class=\"heading-text el-text\" ><h2 class=\"fontsize-885971 text-color-0096aa-color text-uppercase\" ><span>Digital account<br \/><\/span><span>DasHaus Business Bank<\/span><\/h2><\/div><div class=\"clear\"><\/div><\/div><div class=\"uncode_text_column mt20\" ><p>Now, you can open your digital account quickly and conveniently, and enjoy our services wherever you are.<\/p>\n<p>Open your account and enjoy our benefits and services.<\/p>\n<ul>\n<li>Pay bills<\/li>\n<li>Transfer money<\/li>\n<li>Boleto issuing<\/li>\n<li>Credit puchase for prepaid phones<\/li>\n<li>And more<\/li>\n<\/ul>\n<p>\n<\/div><\/div><\/div><\/div><\/div><\/div><\/div><\/div><\/div><div class=\"vc_row row-internal row-container\"><div class=\"row row-child\"><div class=\"wpb_row row-inner\"><div class=\"wpb_column pos-top pos-center align_left column_child col-lg-12 single-internal-gutter\"><div class=\"uncol style-dark\" ><div class=\"uncoltable\"><div class=\"uncell no-block-padding\" ><div class=\"uncont\"><span class=\"btn-container btn-inline\" ><a href=\"http:\/\/dashaus.app.br\/en\/contato\/\" class=\"custom-link btn border-width-0 btn-color-007c95-0096aa btn-icon-left\" title=\"Contact Us\" target=\"_blank\">Contact us<\/a><\/span><span class=\"btn-container btn-inline\" ><a href=\"http:\/\/dashaus.app.br\/en\/contato\/\" class=\"custom-link btn border-width-0 btn-border-gradient btn-regular btn-color-007c95 btn-outline btn-icon-left\">Talk to us<\/a><\/span><\/div><\/div><\/div><\/div><\/div><\/div><\/div><\/div><\/div><\/div><\/div><\/div><\/div><script id=\"script-row-unique-1\" data-row=\"script-row-unique-1\" type=\"text\/javascript\" class=\"vc_controls\">UNCODE.initRow(document.getElementById(\"row-unique-1\"));<\/script><\/div><\/div><\/div><div data-parent=\"true\" class=\"vc_row style-color-007c95-0096aa-bg row-container onepage-section\" data-label=\"cartoes-mastercard\" data-name=\"cartoes-mastercard\" id=\"row-unique-2\"><div class=\"row quad-top-padding quad-bottom-padding single-h-padding limit-width row-parent\"><div class=\"wpb_row row-inner\"><div class=\"wpb_column pos-middle pos-center align_center column_parent col-lg-5 no-internal-gutter\"><div class=\"uncol style-light unexpand\"  ><div class=\"uncoltable\"><div class=\"uncell no-block-padding\" ><div class=\"uncont\"><div class=\"uncode-single-media  text-center\"><div class=\"single-wrapper\" style=\"max-width: 100%;\"><div class=\"tmb tmb-light  tmb-media-first tmb-media-last tmb-content-overlay tmb-no-bg\"><div class=\"t-inside\"><div class=\"t-entry-visual\"><div class=\"t-entry-visual-tc\"><div class=\"uncode-single-media-wrapper\"><img decoding=\"async\" class=\"wp-image-472\" src=\"https:\/\/dashaus.app.br\/wp-content\/uploads\/2023\/11\/dashaus-cartao-mastercard-pre.png\" width=\"446\" height=\"358\" alt=\"\" srcset=\"https:\/\/dashaus.app.br\/wp-content\/uploads\/2023\/11\/dashaus-cartao-mastercard-pre.png 446w, https:\/\/dashaus.app.br\/wp-content\/uploads\/2023\/11\/dashaus-cartao-mastercard-pre-300x241.png 300w, https:\/\/dashaus.app.br\/wp-content\/uploads\/2023\/11\/dashaus-cartao-mastercard-pre-15x12.png 15w, https:\/\/dashaus.app.br\/wp-content\/uploads\/2023\/11\/dashaus-cartao-mastercard-pre-350x281.png 350w\" sizes=\"(max-width: 446px) 100vw, 446px\" \/><\/div>\n\t\t\t\t\t<\/div>\n\t\t\t\t<\/div><\/div><\/div><\/div><\/div><\/div><\/div><\/div><\/div><\/div><div class=\"wpb_column pos-top pos-center align_left column_parent col-lg-7 single-internal-gutter\"><div class=\"uncol style-light\"  ><div class=\"uncoltable\"><div class=\"uncell no-block-padding\" ><div class=\"uncont\"><div class=\"vc_row row-internal row-container\"><div class=\"row row-child\"><div class=\"wpb_row row-inner\"><div class=\"wpb_column pos-top pos-left align_left column_child col-lg-12 single-internal-gutter\"><div class=\"uncol style-dark\" ><div class=\"uncoltable\"><div class=\"uncell no-block-padding\" ><div class=\"uncont\"><div class=\"vc_custom_heading_wrap\"><div class=\"heading-text el-text\" ><h2 class=\"fontsize-885971 text-color-xsdn-color text-uppercase\" ><span>Mastercard<\/span><\/h2><\/div><div class=\"clear\"><\/div><\/div><div class=\"uncode_text_column mt20\" ><p>Working to provide greater comfort, speed, and security for your day-to-day, we offer prepaid cards that make it easier for you to choose the one that best suits your needs.<\/p>\n<ul>\n<li>Complete integration with your digital account;<\/li>\n<li>Transfer from your digital account directly to your card;<\/li>\n<li>Withdrawals at 24-hour ATMs;<\/li>\n<li>Presential or online purchases.<\/li>\n<\/ul>\n<p>\n<\/div><\/div><\/div><\/div><\/div><\/div><\/div><\/div><\/div><div class=\"vc_row row-internal row-container\"><div class=\"row row-child\"><div class=\"wpb_row row-inner\"><div class=\"wpb_column pos-top pos-center align_left column_child col-lg-12 single-internal-gutter\"><div class=\"uncol style-dark\" ><div class=\"uncoltable\"><div class=\"uncell no-block-padding\" ><div class=\"uncont\"><span class=\"btn-container btn-inline\" ><a href=\"http:\/\/dashaus.app.br\/en\/contato\/\" class=\"custom-link btn border-width-0 btn-color-007c95-0096aa btn-icon-left\" title=\"Contact Us\" target=\"_blank\">Contact us<\/a><\/span><span class=\"btn-container btn-inline\" ><a href=\"http:\/\/dashaus.app.br\/en\/contato\/\" class=\"custom-link btn border-width-0 btn-regular btn-default btn-outline btn-icon-left\">Talk to us<\/a><\/span><\/div><\/div><\/div><\/div><\/div><\/div><\/div><\/div><\/div><\/div><\/div><\/div><\/div><script id=\"script-row-unique-2\" data-row=\"script-row-unique-2\" type=\"text\/javascript\" class=\"vc_controls\">UNCODE.initRow(document.getElementById(\"row-unique-2\"));<\/script><\/div><\/div><\/div><div data-parent=\"true\" class=\"vc_row row-container onepage-section\" data-label=\"maquinas-de-cartao\" data-name=\"maquinas-de-cartao\" id=\"row-unique-3\"><div class=\"row quad-top-padding quad-bottom-padding single-h-padding limit-width row-parent\"><div class=\"wpb_row row-inner\"><div class=\"wpb_column pos-middle pos-center align_center column_parent col-lg-5 no-internal-gutter\"><div class=\"uncol style-light unexpand\"  ><div class=\"uncoltable\"><div class=\"uncell no-block-padding\" ><div class=\"uncont\"><div class=\"uncode-single-media  text-center\"><div class=\"single-wrapper\" style=\"max-width: 100%;\"><div class=\"tmb tmb-light  tmb-media-first tmb-media-last tmb-content-overlay tmb-no-bg\"><div class=\"t-inside\"><div class=\"t-entry-visual\"><div class=\"t-entry-visual-tc\"><div class=\"uncode-single-media-wrapper\"><img decoding=\"async\" class=\"wp-image-475\" src=\"https:\/\/dashaus.app.br\/wp-content\/uploads\/2023\/11\/dashaus-maquina-cartao.png\" width=\"461\" height=\"553\" alt=\"\" srcset=\"https:\/\/dashaus.app.br\/wp-content\/uploads\/2023\/11\/dashaus-maquina-cartao.png 461w, https:\/\/dashaus.app.br\/wp-content\/uploads\/2023\/11\/dashaus-maquina-cartao-250x300.png 250w, https:\/\/dashaus.app.br\/wp-content\/uploads\/2023\/11\/dashaus-maquina-cartao-10x12.png 10w, https:\/\/dashaus.app.br\/wp-content\/uploads\/2023\/11\/dashaus-maquina-cartao-350x420.png 350w\" sizes=\"(max-width: 461px) 100vw, 461px\" \/><\/div>\n\t\t\t\t\t<\/div>\n\t\t\t\t<\/div><\/div><\/div><\/div><\/div><\/div><\/div><\/div><\/div><\/div><div class=\"wpb_column pos-top pos-center align_left column_parent col-lg-7 single-internal-gutter\"><div class=\"uncol style-light\"  ><div class=\"uncoltable\"><div class=\"uncell no-block-padding\" ><div class=\"uncont\"><div class=\"vc_row row-internal row-container\"><div class=\"row row-child\"><div class=\"wpb_row row-inner\"><div class=\"wpb_column pos-top pos-left align_left column_child col-lg-12 single-internal-gutter\"><div class=\"uncol style-light\" ><div class=\"uncoltable\"><div class=\"uncell no-block-padding\" ><div class=\"uncont\"><div class=\"vc_custom_heading_wrap\"><div class=\"heading-text el-text\" ><h2 class=\"fontsize-885971 text-color-0096aa-color text-uppercase\" ><span>M\u00e1quinas de Cart\u00e3o &#8211; DasHaus Pay<\/span><\/h2><\/div><div class=\"clear\"><\/div><\/div><div class=\"uncode_text_column mt20\" ><p>Ideal for your point of sale, with differentiated models, cutting-edge technology, security, and transparency. Our card machines optimize your time, and our differentiated rates maximize your operation.<\/p>\n<ul>\n<li>Modern machines;<\/li>\n<li>Competitive rates;<\/li>\n<li>Receivables anticipation;<\/li>\n<li>Recebimento em sua conta digital DasHaus Business Bank;<\/li>\n<li>Varying models.<\/li>\n<\/ul>\n<p>\n<\/div><\/div><\/div><\/div><\/div><\/div><\/div><\/div><\/div><div class=\"vc_row row-internal row-container\"><div class=\"row row-child\"><div class=\"wpb_row row-inner\"><div class=\"wpb_column pos-top pos-center align_left column_child col-lg-12 single-internal-gutter\"><div class=\"uncol style-dark\" ><div class=\"uncoltable\"><div class=\"uncell no-block-padding\" ><div class=\"uncont\"><span class=\"btn-container btn-inline\" ><a href=\"http:\/\/dashaus.app.br\/en\/contato\/\" class=\"custom-link btn border-width-0 btn-color-007c95-0096aa btn-icon-left\" title=\"Contact Us\" target=\"_blank\">Contact us<\/a><\/span><span class=\"btn-container btn-inline\" ><a href=\"http:\/\/dashaus.app.br\/en\/contato\/\" class=\"custom-link btn border-width-0 btn-border-gradient btn-regular btn-color-007c95 btn-outline btn-icon-left\">Talk to us<\/a><\/span><\/div><\/div><\/div><\/div><\/div><\/div><\/div><\/div><\/div><\/div><\/div><\/div><\/div><script id=\"script-row-unique-3\" data-row=\"script-row-unique-3\" type=\"text\/javascript\" class=\"vc_controls\">UNCODE.initRow(document.getElementById(\"row-unique-3\"));<\/script><\/div><\/div><\/div><div data-parent=\"true\" class=\"vc_row style-color-007c95-0096aa-bg row-container onepage-section\" data-label=\"checkout-online\" data-name=\"checkout-online\" id=\"row-unique-4\"><div class=\"row quad-top-padding quad-bottom-padding single-h-padding limit-width row-parent\"><div class=\"wpb_row row-inner\"><div class=\"wpb_column pos-bottom pos-center align_center column_parent col-lg-5 no-internal-gutter\"><div class=\"uncol style-light unexpand\"  ><div class=\"uncoltable\"><div class=\"uncell no-block-padding\" ><div class=\"uncont\"><div class=\"uncode-single-media  text-center\"><div class=\"single-wrapper\" style=\"max-width: 408px;\"><div class=\"tmb tmb-light  tmb-media-first tmb-media-last tmb-content-overlay tmb-no-bg\"><div class=\"t-inside\"><div class=\"t-entry-visual\"><div class=\"t-entry-visual-tc\"><div class=\"uncode-single-media-wrapper\"><img decoding=\"async\" class=\"wp-image-346\" src=\"https:\/\/dashaus.app.br\/wp-content\/uploads\/2018\/10\/alliancebbank-checkout-online.jpg\" width=\"408\" height=\"496\" alt=\"\" srcset=\"https:\/\/dashaus.app.br\/wp-content\/uploads\/2018\/10\/alliancebbank-checkout-online.jpg 408w, https:\/\/dashaus.app.br\/wp-content\/uploads\/2018\/10\/alliancebbank-checkout-online-247x300.jpg 247w\" sizes=\"(max-width: 408px) 100vw, 408px\" \/><\/div>\n\t\t\t\t\t<\/div>\n\t\t\t\t<\/div><\/div><\/div><\/div><\/div><\/div><\/div><\/div><\/div><\/div><div class=\"wpb_column pos-middle pos-center align_left column_parent col-lg-7 single-internal-gutter\"><div class=\"uncol style-light\"  ><div class=\"uncoltable\"><div class=\"uncell no-block-padding\" ><div class=\"uncont\"><div class=\"vc_row row-internal row-container\"><div class=\"row row-child\"><div class=\"wpb_row row-inner\"><div class=\"wpb_column pos-top pos-left align_left column_child col-lg-12 single-internal-gutter\"><div class=\"uncol style-dark\" ><div class=\"uncoltable\"><div class=\"uncell no-block-padding\" ><div class=\"uncont\"><div class=\"vc_custom_heading_wrap\"><div class=\"heading-text el-text\" ><h2 class=\"fontsize-885971 text-color-xsdn-color text-uppercase\" ><span>Online Checkout<\/span><\/h2><\/div><div class=\"clear\"><\/div><\/div><div class=\"uncode_text_column mt20\" ><p>With our transparent online checkout, you can make your online sales with your business brand and count on all our security and support, streamlining and facilitating your transactions.<\/p>\n<p>Enjoy our digital account and track all your sales in real-time, wherever you are.<\/p>\n<\/div><\/div><\/div><\/div><\/div><\/div><\/div><\/div><\/div><div class=\"vc_row row-internal row-container\"><div class=\"row row-child\"><div class=\"wpb_row row-inner\"><div class=\"wpb_column pos-top pos-center align_left column_child col-lg-12 single-internal-gutter\"><div class=\"uncol style-dark\" ><div class=\"uncoltable\"><div class=\"uncell no-block-padding\" ><div class=\"uncont\"><span class=\"btn-container btn-inline\" ><a href=\"http:\/\/dashaus.app.br\/en\/contato\/\" class=\"custom-link btn border-width-0 btn-color-007c95-0096aa btn-icon-left\" title=\"Contact Us\" target=\"_blank\">Contact us<\/a><\/span><span class=\"btn-container btn-inline\" ><a href=\"http:\/\/dashaus.app.br\/en\/contato\/\" class=\"custom-link btn border-width-0 btn-regular btn-default btn-outline btn-icon-left\">Talk to us<\/a><\/span><\/div><\/div><\/div><\/div><\/div><\/div><\/div><\/div><\/div><\/div><\/div><\/div><\/div><script id=\"script-row-unique-4\" data-row=\"script-row-unique-4\" type=\"text\/javascript\" class=\"vc_controls\">UNCODE.initRow(document.getElementById(\"row-unique-4\"));<\/script><\/div><\/div><\/div><div data-parent=\"true\" class=\"vc_row row-container onepage-section\" data-label=\"investimentos\" data-name=\"investimentos\" id=\"row-unique-5\"><div class=\"row quad-top-padding quad-bottom-padding single-h-padding limit-width row-parent\"><div class=\"wpb_row row-inner\"><div class=\"wpb_column pos-bottom pos-center align_center column_parent col-lg-5 no-internal-gutter\"><div class=\"uncol style-light unexpand\"  ><div class=\"uncoltable\"><div class=\"uncell no-block-padding\" ><div class=\"uncont\"><div class=\"uncode-single-media  text-center\"><div class=\"single-wrapper\" style=\"max-width: 408px;\"><div class=\"tmb tmb-light  tmb-media-first tmb-media-last tmb-content-overlay tmb-no-bg\"><div class=\"t-inside\"><div class=\"t-entry-visual\"><div class=\"t-entry-visual-tc\"><div class=\"uncode-single-media-wrapper\"><img decoding=\"async\" class=\"wp-image-343\" src=\"https:\/\/dashaus.app.br\/wp-content\/uploads\/2018\/10\/alliancebbank-investimento.jpg\" width=\"408\" height=\"496\" alt=\"\" srcset=\"https:\/\/dashaus.app.br\/wp-content\/uploads\/2018\/10\/alliancebbank-investimento.jpg 408w, https:\/\/dashaus.app.br\/wp-content\/uploads\/2018\/10\/alliancebbank-investimento-247x300.jpg 247w\" sizes=\"(max-width: 408px) 100vw, 408px\" \/><\/div>\n\t\t\t\t\t<\/div>\n\t\t\t\t<\/div><\/div><\/div><\/div><\/div><\/div><\/div><\/div><\/div><\/div><div class=\"wpb_column pos-top pos-center align_left column_parent col-lg-7 single-internal-gutter\"><div class=\"uncol style-light\"  ><div class=\"uncoltable\"><div class=\"uncell no-block-padding\" ><div class=\"uncont\"><div class=\"vc_row row-internal row-container\"><div class=\"row row-child\"><div class=\"wpb_row row-inner\"><div class=\"wpb_column pos-top pos-left align_left column_child col-lg-12 single-internal-gutter\"><div class=\"uncol style-light\" ><div class=\"uncoltable\"><div class=\"uncell no-block-padding\" ><div class=\"uncont\"><div class=\"vc_custom_heading_wrap\"><div class=\"heading-text el-text\" ><h2 class=\"fontsize-885971 text-color-0096aa-color text-uppercase\" ><span>Capital raising and investment<\/span><\/h2><\/div><div class=\"clear\"><\/div><\/div><div class=\"uncode_text_column mt20\" ><p>The best solution for the growth and development of your market is here.<\/p>\n<p>With exclusive and specialized advice, we bring you the financial solution that best suits your needs, as well as offering strategic guidance for your investments.<\/p>\n<p>Com taxas diferenciadas e solu\u00e7\u00f5es de ponta a ponta, a DasHaus Business Bank \u00e9 a op\u00e7\u00e3o certa para o seu neg\u00f3cio.<\/p>\n<ul>\n<li>Working capital acquisition;<\/li>\n<li>Investment guidance;<\/li>\n<li>Receivables anticipation;<\/li>\n<li>Refinancing of real estate and automobiles;<\/li>\n<li>Rates and interest that suit your business;<\/li>\n<li>Deadlines;<\/li>\n<li>And more<\/li>\n<\/ul>\n<p>\n<\/div><\/div><\/div><\/div><\/div><\/div><\/div><\/div><\/div><div class=\"vc_row row-internal row-container\"><div class=\"row row-child\"><div class=\"wpb_row row-inner\"><div class=\"wpb_column pos-top pos-center align_left column_child col-lg-12 single-internal-gutter\"><div class=\"uncol style-dark\" ><div class=\"uncoltable\"><div class=\"uncell no-block-padding\" ><div class=\"uncont\"><span class=\"btn-container btn-inline\" ><a href=\"http:\/\/dashaus.app.br\/en\/contato\/\" class=\"custom-link btn border-width-0 btn-color-007c95-0096aa btn-icon-left\" title=\"Contact Us\" target=\"_blank\">Contact us<\/a><\/span><span class=\"btn-container btn-inline\" ><a href=\"http:\/\/dashaus.app.br\/en\/contato\/\" class=\"custom-link btn border-width-0 btn-border-gradient btn-regular btn-color-007c95 btn-outline btn-icon-left\">Talk to us<\/a><\/span><\/div><\/div><\/div><\/div><\/div><\/div><\/div><\/div><\/div><\/div><\/div><\/div><\/div><script id=\"script-row-unique-5\" data-row=\"script-row-unique-5\" type=\"text\/javascript\" class=\"vc_controls\">UNCODE.initRow(document.getElementById(\"row-unique-5\"));<\/script><\/div><\/div><\/div><div data-parent=\"true\" class=\"vc_row style-color-007c95-0096aa-bg row-container onepage-section\" data-label=\"totens-digitais\" data-name=\"totens-digitais\" id=\"row-unique-6\"><div class=\"row quad-top-padding double-bottom-padding single-h-padding limit-width row-parent\"><div class=\"wpb_row row-inner\"><div class=\"wpb_column pos-top pos-center align_center column_parent col-lg-5 no-internal-gutter\"><div class=\"uncol style-light unexpand\"  ><div class=\"uncoltable\"><div class=\"uncell no-block-padding\" ><div class=\"uncont\"><div class=\"uncode-single-media  text-center\"><div class=\"single-wrapper\" style=\"max-width: 100%;\"><div class=\"tmb tmb-light  tmb-media-first tmb-media-last tmb-content-overlay tmb-no-bg\"><div class=\"t-inside\"><div class=\"t-entry-visual\"><div class=\"t-entry-visual-tc\"><div class=\"uncode-single-media-wrapper\"><img decoding=\"async\" class=\"wp-image-474\" src=\"https:\/\/dashaus.app.br\/wp-content\/uploads\/2023\/11\/dashaus-totem-digital.png\" width=\"419\" height=\"431\" alt=\"\" srcset=\"https:\/\/dashaus.app.br\/wp-content\/uploads\/2023\/11\/dashaus-totem-digital.png 419w, https:\/\/dashaus.app.br\/wp-content\/uploads\/2023\/11\/dashaus-totem-digital-292x300.png 292w, https:\/\/dashaus.app.br\/wp-content\/uploads\/2023\/11\/dashaus-totem-digital-12x12.png 12w, https:\/\/dashaus.app.br\/wp-content\/uploads\/2023\/11\/dashaus-totem-digital-350x360.png 350w\" sizes=\"(max-width: 419px) 100vw, 419px\" \/><\/div>\n\t\t\t\t\t<\/div>\n\t\t\t\t<\/div><\/div><\/div><\/div><\/div><\/div><\/div><\/div><\/div><\/div><div class=\"wpb_column pos-top pos-center align_left column_parent col-lg-7 single-internal-gutter\"><div class=\"uncol style-light\"  ><div class=\"uncoltable\"><div class=\"uncell no-block-padding\" ><div class=\"uncont\"><div class=\"vc_row row-internal row-container\"><div class=\"row row-child\"><div class=\"wpb_row row-inner\"><div class=\"wpb_column pos-top pos-left align_left column_child col-lg-12 single-internal-gutter\"><div class=\"uncol style-dark\" ><div class=\"uncoltable\"><div class=\"uncell no-block-padding\" ><div class=\"uncont\"><div class=\"vc_custom_heading_wrap\"><div class=\"heading-text el-text\" ><h2 class=\"fontsize-885971 text-color-xsdn-color text-uppercase\" ><span>Digital Totem<\/span><\/h2><\/div><div class=\"clear\"><\/div><\/div><div class=\"uncode_text_column mt20\" ><p>Strategically positioned, digital totems make your daily life easier, optimizing your time and allowing you to access all of our services.<\/p>\n<ul>\n<li>Pay bills<\/li>\n<li>Buy credits for prepaid phones<\/li>\n<li>Account balance<\/li>\n<li>Account statement<\/li>\n<li>And more<\/li>\n<\/ul>\n<p>\n<\/div><\/div><\/div><\/div><\/div><\/div><\/div><\/div><\/div><div class=\"vc_row row-internal row-container\"><div class=\"row row-child\"><div class=\"wpb_row row-inner\"><div class=\"wpb_column pos-top pos-center align_left column_child col-lg-12 single-internal-gutter\"><div class=\"uncol style-dark\" ><div class=\"uncoltable\"><div class=\"uncell no-block-padding\" ><div class=\"uncont\"><span class=\"btn-container btn-inline\" ><a href=\"http:\/\/dashaus.app.br\/en\/contato\/\" class=\"custom-link btn border-width-0 btn-color-007c95-0096aa btn-icon-left\" title=\"Contact Us\" target=\"_blank\">Contact us<\/a><\/span><span class=\"btn-container btn-inline\" ><a href=\"http:\/\/dashaus.app.br\/en\/contato\/\" class=\"custom-link btn border-width-0 btn-regular btn-default btn-outline btn-icon-left\">Talk to us<\/a><\/span><\/div><\/div><\/div><\/div><\/div><\/div><\/div><\/div><\/div><\/div><\/div><\/div><\/div><script id=\"script-row-unique-6\" data-row=\"script-row-unique-6\" type=\"text\/javascript\" class=\"vc_controls\">UNCODE.initRow(document.getElementById(\"row-unique-6\"));<\/script><\/div><\/div><\/div>","protected":false},"excerpt":{"rendered":"Conta Digital Cart\u00f5es Mastercard M\u00e1quinas de cart\u00e3o Checkout Online Investimentos Totens Digitais Conta digitalDasHaus Business BankAgora voc\u00ea pode abrir sua [...]","protected":false},"author":1,"featured_media":0,"parent":0,"menu_order":0,"comment_status":"closed","ping_status":"closed","template":"","meta":{"footnotes":""},"class_list":["post-158","page","type-page","status-publish","hentry"],"_links":{"self":[{"href":"https:\/\/dashaus.app.br\/en\/wp-json\/wp\/v2\/pages\/158","targetHints":{"allow":["GET"]}}],"collection":[{"href":"https:\/\/dashaus.app.br\/en\/wp-json\/wp\/v2\/pages"}],"about":[{"href":"https:\/\/dashaus.app.br\/en\/wp-json\/wp\/v2\/types\/page"}],"author":[{"embeddable":true,"href":"https:\/\/dashaus.app.br\/en\/wp-json\/wp\/v2\/users\/1"}],"replies":[{"embeddable":true,"href":"https:\/\/dashaus.app.br\/en\/wp-json\/wp\/v2\/comments?post=158"}],"version-history":[{"count":60,"href":"https:\/\/dashaus.app.br\/en\/wp-json\/wp\/v2\/pages\/158\/revisions"}],"predecessor-version":[{"id":480,"href":"https:\/\/dashaus.app.br\/en\/wp-json\/wp\/v2\/pages\/158\/revisions\/480"}],"wp:attachment":[{"href":"https:\/\/dashaus.app.br\/en\/wp-json\/wp\/v2\/media?parent=158"}],"curies":[{"name":"wp","href":"https:\/\/api.w.org\/{rel}","templated":true}]}}