{"id":151,"date":"2018-10-08T16:15:00","date_gmt":"2018-10-08T19:15:00","guid":{"rendered":"http:\/\/dashaus.app.br\/?page_id=151"},"modified":"2023-11-16T11:18:39","modified_gmt":"2023-11-16T14:18:39","slug":"o-banco","status":"publish","type":"page","link":"https:\/\/dashaus.app.br\/en\/o-banco\/","title":{"rendered":"Bank"},"content":{"rendered":"<div data-parent=\"true\" class=\"vc_row row-container\" id=\"row-unique-0\"><div class=\"row double-top-padding quad-bottom-padding single-h-padding limit-width row-parent\"><div class=\"wpb_row row-inner\"><div class=\"wpb_column pos-bottom pos-center align_center column_parent col-lg-5 no-internal-gutter\"><div class=\"uncol style-light unexpand\"  ><div class=\"uncoltable\"><div class=\"uncell no-block-padding\" ><div class=\"uncont\"><div class=\"uncode-single-media  text-center\"><div class=\"single-wrapper\" style=\"max-width: 422px;\"><div class=\"tmb tmb-light  tmb-media-first tmb-media-last tmb-content-overlay tmb-no-bg\"><div class=\"t-inside\"><div class=\"t-entry-visual\"><div class=\"t-entry-visual-tc\"><div class=\"uncode-single-media-wrapper\"><img decoding=\"async\" class=\"wp-image-488\" src=\"https:\/\/dashaus.app.br\/wp-content\/uploads\/2023\/11\/alphasquare.jpg\" width=\"600\" height=\"820\" alt=\"\" srcset=\"https:\/\/dashaus.app.br\/wp-content\/uploads\/2023\/11\/alphasquare.jpg 600w, https:\/\/dashaus.app.br\/wp-content\/uploads\/2023\/11\/alphasquare-220x300.jpg 220w, https:\/\/dashaus.app.br\/wp-content\/uploads\/2023\/11\/alphasquare-9x12.jpg 9w, https:\/\/dashaus.app.br\/wp-content\/uploads\/2023\/11\/alphasquare-350x478.jpg 350w\" sizes=\"(max-width: 600px) 100vw, 600px\" \/><\/div>\n\t\t\t\t\t<\/div>\n\t\t\t\t<\/div><\/div><\/div><\/div><\/div><\/div><\/div><\/div><\/div><\/div><div class=\"wpb_column pos-middle pos-center align_left column_parent col-lg-7 single-internal-gutter\"><div class=\"uncol style-light\"  ><div class=\"uncoltable\"><div class=\"uncell no-block-padding\" ><div class=\"uncont\"><div class=\"vc_row row-internal row-container\"><div class=\"row row-child\"><div class=\"wpb_row row-inner\"><div class=\"wpb_column pos-top pos-left align_left column_child col-lg-12 single-internal-gutter\"><div class=\"uncol style-light\" ><div class=\"uncoltable\"><div class=\"uncell no-block-padding\" ><div class=\"uncont\"><div class=\"vc_custom_heading_wrap\"><div class=\"heading-text el-text\" ><h2 class=\"fontsize-885971 text-color-0096aa-color text-uppercase\" ><span>The complete solution for your business<\/span><\/h2><\/div><div class=\"clear\"><\/div><\/div><div class=\"vc_custom_heading_wrap mt20\"><div class=\"heading-text el-text\" ><p class=\"fontsize-199711 fontheight-357766 text-color-7e8890-color\" ><span>F\u00e1cil, \u00e1gil e de forma pr\u00e1tica, nossos servi\u00e7os atendem as mais variadas necessidades do mercado financeiro. DasHaus Business Bank tem como pilar a seguran\u00e7a, tecnologia e transpar\u00eancia em todos os servi\u00e7os.<\/span><\/p><\/div><div class=\"clear\"><\/div><\/div><div class=\"uncode_text_column\" ><p>Cart\u00e3o DasHaus Bank Mastercard pr\u00e9-pago, n\u00e3o \u00e9 preciso ter conta em banco para aproveitar todas as vantagens do seu Cart\u00e3o Pr\u00e9-Pago , SEM burocracia, an\u00e1lise de cr\u00e9dito ou comprova\u00e7\u00e3o de renda. Saques em terminais do Banco 24hrs.<\/p>\n<p>Online Checkout - the e-commerce payment platform integrates with anti-fraud systems. Accepts credit and debit cards from various market brands. In addition to cards, there is an option to issue a boleto.<\/p>\n<p>Compartilhamento do POS por diferentes estabelecimentos ou profissionais, respeitando as regras definidas por cada um. Contas digitais apartadas e valores corretamente encaminhados para cada usu\u00e1rio. POS compartilhada, sem limite de estabelecimentos, s\u00f3 na DasHaus Bank!<\/p>\n<\/div><\/div><\/div><\/div><\/div><\/div><\/div><\/div><\/div><\/div><\/div><\/div><\/div><\/div><script id=\"script-row-unique-0\" data-row=\"script-row-unique-0\" type=\"text\/javascript\" class=\"vc_controls\">UNCODE.initRow(document.getElementById(\"row-unique-0\"));<\/script><\/div><\/div><\/div>","protected":false},"excerpt":{"rendered":"A solu\u00e7\u00e3o completa que voc\u00ea precisava para os seus neg\u00f3ciosF\u00e1cil, \u00e1gil e de forma pr\u00e1tica, nossos servi\u00e7os atendem as mais [...]","protected":false},"author":1,"featured_media":0,"parent":0,"menu_order":0,"comment_status":"closed","ping_status":"closed","template":"","meta":{"footnotes":""},"class_list":["post-151","page","type-page","status-publish","hentry"],"_links":{"self":[{"href":"https:\/\/dashaus.app.br\/en\/wp-json\/wp\/v2\/pages\/151","targetHints":{"allow":["GET"]}}],"collection":[{"href":"https:\/\/dashaus.app.br\/en\/wp-json\/wp\/v2\/pages"}],"about":[{"href":"https:\/\/dashaus.app.br\/en\/wp-json\/wp\/v2\/types\/page"}],"author":[{"embeddable":true,"href":"https:\/\/dashaus.app.br\/en\/wp-json\/wp\/v2\/users\/1"}],"replies":[{"embeddable":true,"href":"https:\/\/dashaus.app.br\/en\/wp-json\/wp\/v2\/comments?post=151"}],"version-history":[{"count":18,"href":"https:\/\/dashaus.app.br\/en\/wp-json\/wp\/v2\/pages\/151\/revisions"}],"predecessor-version":[{"id":489,"href":"https:\/\/dashaus.app.br\/en\/wp-json\/wp\/v2\/pages\/151\/revisions\/489"}],"wp:attachment":[{"href":"https:\/\/dashaus.app.br\/en\/wp-json\/wp\/v2\/media?parent=151"}],"curies":[{"name":"wp","href":"https:\/\/api.w.org\/{rel}","templated":true}]}}