{"id":13,"date":"2018-10-03T16:29:38","date_gmt":"2018-10-03T19:29:38","guid":{"rendered":"http:\/\/dashaus.app.br\/?page_id=13"},"modified":"2023-11-13T18:36:52","modified_gmt":"2023-11-13T21:36:52","slug":"home","status":"publish","type":"page","link":"https:\/\/dashaus.app.br\/en\/","title":{"rendered":"Home"},"content":{"rendered":"<div data-parent=\"true\" class=\"vc_row row-container\" id=\"row-unique-0\"><div class=\"row quad-top-padding quad-bottom-padding single-h-padding limit-width row-parent\"><div class=\"wpb_row row-inner\"><div class=\"wpb_column pos-middle pos-center align_center column_parent col-lg-5 tablet-hidden mobile-hidden no-internal-gutter\"><div class=\"uncol style-light unexpand\"  ><div class=\"uncoltable\"><div class=\"uncell no-block-padding\" ><div class=\"uncont\"><div class=\"uncode-single-media  text-left\"><div class=\"single-wrapper\" style=\"max-width: 100%;\"><div class=\"tmb tmb-light  tmb-media-first tmb-media-last tmb-content-overlay tmb-no-bg\"><div class=\"t-inside\"><div class=\"t-entry-visual\"><div class=\"t-entry-visual-tc\"><div class=\"uncode-single-media-wrapper\"><img decoding=\"async\" class=\"wp-image-477\" src=\"https:\/\/dashaus.app.br\/wp-content\/uploads\/2023\/11\/dashaus-app-digital-home.png\" width=\"869\" height=\"1238\" alt=\"\" srcset=\"https:\/\/dashaus.app.br\/wp-content\/uploads\/2023\/11\/dashaus-app-digital-home.png 869w, https:\/\/dashaus.app.br\/wp-content\/uploads\/2023\/11\/dashaus-app-digital-home-211x300.png 211w, https:\/\/dashaus.app.br\/wp-content\/uploads\/2023\/11\/dashaus-app-digital-home-719x1024.png 719w, https:\/\/dashaus.app.br\/wp-content\/uploads\/2023\/11\/dashaus-app-digital-home-768x1094.png 768w, https:\/\/dashaus.app.br\/wp-content\/uploads\/2023\/11\/dashaus-app-digital-home-8x12.png 8w, https:\/\/dashaus.app.br\/wp-content\/uploads\/2023\/11\/dashaus-app-digital-home-350x499.png 350w\" sizes=\"(max-width: 869px) 100vw, 869px\" \/><\/div>\n\t\t\t\t\t<\/div>\n\t\t\t\t<\/div><\/div><\/div><\/div><\/div><\/div><\/div><\/div><\/div><\/div><div class=\"wpb_column pos-top pos-center align_left column_parent col-lg-7 single-internal-gutter\"><div class=\"uncol style-light\"  ><div class=\"uncoltable\"><div class=\"uncell no-block-padding\" ><div class=\"uncont\"><div class=\"vc_row row-internal row-container\"><div class=\"row row-child\"><div class=\"wpb_row row-inner\"><div class=\"wpb_column pos-top pos-left align_left column_child col-lg-12 single-internal-gutter\"><div class=\"uncol style-light\" ><div class=\"uncoltable\"><div class=\"uncell no-block-padding\" ><div class=\"uncont\"><div class=\"vc_custom_heading_wrap\"><div class=\"heading-text el-text\" ><h2 class=\"fontsize-885971 text-color-0096aa-color text-uppercase\" ><span>100% free digital account<br \/><\/span><span>with everything you need<br \/><\/span><span>at your fingertips<\/span><\/h2><\/div><div class=\"clear\"><\/div><\/div><div class=\"vc_custom_heading_wrap mt20\"><div class=\"heading-text el-text\" ><p class=\"fontsize-199711 fontheight-357766 text-color-7e8890-color\" ><span>Now, you can open your digital account quickly and conveniently, and enjoy our services wherever you are.<br \/><\/span><span>Open your account and enjoy our benefits and services.<\/span><\/p><\/div><div class=\"clear\"><\/div><\/div><\/div><\/div><\/div><\/div><\/div><\/div><\/div><\/div><div class=\"vc_row row-internal row-container\"><div class=\"row row-child\"><div class=\"wpb_row row-inner\"><div class=\"wpb_column pos-top pos-center align_left column_child col-lg-6 col-md-50 single-internal-gutter\"><div class=\"uncol style-light\" ><div class=\"uncoltable\"><div class=\"uncell no-block-padding\" ><div class=\"uncont\"><div class=\"vc_custom_heading_wrap\"><div class=\"heading-text el-text\" ><h3 class=\"fontsize-199711 font-weight-400 text-color-0096aa-color\" ><span>TEDs e DOCs<\/span><\/h3><\/div><div class=\"clear\"><\/div><\/div><div class=\"vc_custom_heading_wrap mt10\"><div class=\"heading-text el-text\" ><p class=\"fontsize-481944 fontheight-357766 text-color-7e8890-color\" ><span>DOC\/TED para os principais bancos de conta pr\u00e9-paga para conta pr\u00e9-paga, transfer\u00eancia entre contas DasHaus.<\/span><\/p><\/div><div class=\"clear\"><\/div><\/div><\/div><\/div><\/div><\/div><\/div><div class=\"wpb_column pos-top pos-center align_left column_child col-lg-6 col-md-50 single-internal-gutter\"><div class=\"uncol style-light\" ><div class=\"uncoltable\"><div class=\"uncell no-block-padding\" ><div class=\"uncont\"><div class=\"vc_custom_heading_wrap\"><div class=\"heading-text el-text\" ><h3 class=\"fontsize-199711 font-weight-400 text-color-0096aa-color\" ><span>Online statement<\/span><\/h3><\/div><div class=\"clear\"><\/div><\/div><div class=\"vc_custom_heading_wrap mt10\"><div class=\"heading-text el-text\" ><p class=\"fontsize-481944 fontheight-357766 text-color-7e8890-color\" ><span>Statements by day, month, and year; prepaid account statement; sales statement; billing statement; and more.<\/span><\/p><\/div><div class=\"clear\"><\/div><\/div><\/div><\/div><\/div><\/div><\/div><\/div><\/div><\/div><div class=\"vc_row row-internal row-container\"><div class=\"row row-child\"><div class=\"wpb_row row-inner\"><div class=\"wpb_column pos-top pos-center align_left column_child col-lg-6 col-md-50 single-internal-gutter\"><div class=\"uncol style-light\" ><div class=\"uncoltable\"><div class=\"uncell no-block-padding\" ><div class=\"uncont\"><div class=\"vc_custom_heading_wrap\"><div class=\"heading-text el-text\" ><h3 class=\"fontsize-199711 font-weight-400 text-color-0096aa-color\" ><span>Boleto issuing<\/span><\/h3><\/div><div class=\"clear\"><\/div><\/div><div class=\"vc_custom_heading_wrap mt10\"><div class=\"heading-text el-text\" ><p class=\"fontsize-481944 fontheight-357766 text-color-7e8890-color\" ><span>Boletos pagos utilizando uma conta digital DasHaus o custo de cobran\u00e7a \u00e9 reduzido. Check-out transparente.<\/span><\/p><\/div><div class=\"clear\"><\/div><\/div><\/div><\/div><\/div><\/div><\/div><div class=\"wpb_column pos-top pos-center align_left column_child col-lg-6 col-md-50 single-internal-gutter\"><div class=\"uncol style-light\" ><div class=\"uncoltable\"><div class=\"uncell no-block-padding\" ><div class=\"uncont\"><div class=\"vc_custom_heading_wrap\"><div class=\"heading-text el-text\" ><h3 class=\"fontsize-199711 font-weight-400 text-color-0096aa-color\" ><span>Receivables anticipation;<\/span><\/h3><\/div><div class=\"clear\"><\/div><\/div><div class=\"vc_custom_heading_wrap mt10\"><div class=\"heading-text el-text\" ><p class=\"fontsize-481944 fontheight-357766 text-color-7e8890-color\" ><span>Receive installment sales converted into resources available immediately, with competitive rates and total security.<\/span><\/p><\/div><div class=\"clear\"><\/div><\/div><\/div><\/div><\/div><\/div><\/div><\/div><\/div><\/div><div class=\"vc_row row-internal row-container\"><div class=\"row row-child\"><div class=\"wpb_row row-inner\"><div class=\"wpb_column pos-top pos-center align_left column_child col-lg-12 single-internal-gutter\"><div class=\"uncol style-light\" ><div class=\"uncoltable\"><div class=\"uncell no-block-padding\" ><div class=\"uncont\"><span class=\"btn-container btn-inline\" ><a href=\"http:\/\/dashaus.app.br\/en\/contato\/\" class=\"custom-link btn border-width-0 btn-color-007c95-0096aa btn-icon-left\" title=\"Contact Us\" target=\"_blank\">Contact us<\/a><\/span><span class=\"btn-container btn-inline\" ><a href=\"http:\/\/dashaus.app.br\/en\/nossas-solucoes\/\" class=\"custom-link btn border-width-0 btn-border-gradient btn-regular btn-color-007c95 btn-outline btn-icon-left\">Our solutions<\/a><\/span><\/div><\/div><\/div><\/div><\/div><\/div><\/div><\/div><\/div><\/div><\/div><\/div><\/div><script id=\"script-row-unique-0\" data-row=\"script-row-unique-0\" type=\"text\/javascript\" class=\"vc_controls\">UNCODE.initRow(document.getElementById(\"row-unique-0\"));<\/script><\/div><\/div><\/div><div data-parent=\"true\" class=\"vc_row row-container with-parallax\" id=\"row-unique-1\"><div class=\"row-background background-element\">\n\t\t\t\t\t\t\t\t\t\t\t<div class=\"background-wrapper\">\n\t\t\t\t\t\t\t\t\t\t\t\t<div class=\"background-inner\" style=\"background-image: url(https:\/\/dashaus.app.br\/wp-content\/uploads\/2018\/10\/uncode-default-back.jpeg);background-repeat: no-repeat;background-position: center center;background-size: cover;\"><\/div>\n\t\t\t\t\t\t\t\t\t\t\t\t<div class=\"block-bg-overlay style-color-007c95-0096aa-bg\" style=\"opacity: 0.9;\"><\/div>\n\t\t\t\t\t\t\t\t\t\t\t<\/div>\n\t\t\t\t\t\t\t\t\t\t<\/div><div class=\"row quad-top-padding quad-bottom-padding single-h-padding limit-width row-parent\"><div class=\"wpb_row row-inner\"><div class=\"wpb_column pos-top pos-center align_left column_parent col-lg-7 single-internal-gutter\"><div class=\"uncol style-light\"  ><div class=\"uncoltable\"><div class=\"uncell no-block-padding\" ><div class=\"uncont\"><div class=\"vc_row row-internal row-container\"><div class=\"row row-child\"><div class=\"wpb_row row-inner\"><div class=\"wpb_column pos-top pos-left align_left column_child col-lg-12 single-internal-gutter\"><div class=\"uncol style-light\" ><div class=\"uncoltable\"><div class=\"uncell no-block-padding\" ><div class=\"uncont\"><div class=\"vc_custom_heading_wrap\"><div class=\"heading-text el-text\" ><h2 class=\"fontsize-885971 text-color-xsdn-color text-uppercase\" ><span>The complete solution for your business<\/span><\/h2><\/div><div class=\"clear\"><\/div><\/div><div class=\"vc_custom_heading_wrap mt20\"><div class=\"heading-text el-text\" ><p class=\"fontsize-199711 fontheight-357766 text-color-xsdn-color\" ><span>F\u00e1cil, \u00e1gil e de forma pr\u00e1tica, nossos servi\u00e7os atendem as mais variadas necessidades do mercado financeiro. DasHaus Business Bank tem como pilar a seguran\u00e7a, tecnologia e transpar\u00eancia em todos os servi\u00e7os.<\/span><\/p><\/div><div class=\"clear\"><\/div><\/div><\/div><\/div><\/div><\/div><\/div><\/div><\/div><\/div><div class=\"vc_row row-internal row-container\"><div class=\"row row-child\"><div class=\"wpb_row row-inner\"><div class=\"wpb_column pos-top pos-center align_left column_child col-lg-6 col-md-50 half-internal-gutter\"><div class=\"uncol style-light\" ><div class=\"uncoltable\"><div class=\"uncell no-block-padding\" ><div class=\"uncont\"><div class=\"vc_custom_heading_wrap\"><div class=\"heading-text el-text\" ><h3 class=\"fontsize-199711 font-weight-400 text-color-xsdn-color\" ><span>Our solutions<\/span><\/h3><\/div><div class=\"clear\"><\/div><\/div><div class=\"vc_custom_heading_wrap mt10\"><div class=\"heading-text el-text\" ><p class=\"fontsize-481944 fontheight-357766 text-color-xsdn-color\" ><span>A new digital solution for the financial market, focusing on ecosystem development.<\/span><\/p><\/div><div class=\"clear\"><\/div><\/div><\/div><\/div><\/div><\/div><\/div><div class=\"wpb_column pos-top pos-center align_left column_child col-lg-6 col-md-50 half-internal-gutter\"><div class=\"uncol style-light\" ><div class=\"uncoltable\"><div class=\"uncell no-block-padding\" ><div class=\"uncont\"><div class=\"vc_custom_heading_wrap\"><div class=\"heading-text el-text\" ><h3 class=\"fontsize-199711 font-weight-400 text-color-xsdn-color\" ><span>Have questions?<\/span><\/h3><\/div><div class=\"clear\"><\/div><\/div><div class=\"vc_custom_heading_wrap mt10\"><div class=\"heading-text el-text\" ><p class=\"fontsize-481944 fontheight-357766 text-color-xsdn-color\" ><span>Check out the most frequently asked questions; we are available to clarify any doubts<\/span><\/p><\/div><div class=\"clear\"><\/div><\/div><\/div><\/div><\/div><\/div><\/div><\/div><\/div><\/div><div class=\"vc_row row-internal row-container\"><div class=\"row row-child\"><div class=\"wpb_row row-inner\"><div class=\"wpb_column pos-top pos-center align_left column_child col-lg-12 single-internal-gutter\"><div class=\"uncol style-dark\" ><div class=\"uncoltable\"><div class=\"uncell no-block-padding\" ><div class=\"uncont\"><span class=\"btn-container btn-inline\" ><a href=\"http:\/\/dashaus.app.br\/en\/nossas-solucoes\/\" class=\"custom-link btn border-width-0 btn-color-007c95-0096aa btn-icon-left\" target=\"_blank\">Our solutions<\/a><\/span><span class=\"btn-container btn-inline\" ><a href=\"http:\/\/dashaus.app.br\/en\/perguntas\/\" class=\"custom-link btn border-width-0 btn-regular btn-default btn-outline btn-icon-left\">F.A.Q.<\/a><\/span><\/div><\/div><\/div><\/div><\/div><\/div><\/div><\/div><\/div><\/div><\/div><\/div><\/div><div class=\"wpb_column pos-top pos-center align_left column_parent col-lg-5 tablet-hidden mobile-hidden single-internal-gutter\"><div class=\"uncol style-light shift_y_neg_triple\"  ><div class=\"uncoltable\"><div class=\"uncell no-block-padding\" ><div class=\"uncont\"><div class=\"uncode-single-media  absolute text-left\"><div class=\"single-wrapper\" style=\"max-width: 415px;\"><div class=\"tmb tmb-light  tmb-media-first tmb-media-last tmb-content-overlay tmb-no-bg\"><div class=\"t-inside\"><div class=\"t-entry-visual\"><div class=\"t-entry-visual-tc\"><div class=\"uncode-single-media-wrapper\"><img decoding=\"async\" class=\"wp-image-453\" src=\"https:\/\/dashaus.app.br\/wp-content\/uploads\/2023\/01\/grandipbbank-app-digital-home-2.png\" width=\"415\" height=\"687\" alt=\"\" srcset=\"https:\/\/dashaus.app.br\/wp-content\/uploads\/2023\/01\/grandipbbank-app-digital-home-2.png 415w, https:\/\/dashaus.app.br\/wp-content\/uploads\/2023\/01\/grandipbbank-app-digital-home-2-181x300.png 181w, https:\/\/dashaus.app.br\/wp-content\/uploads\/2023\/01\/grandipbbank-app-digital-home-2-350x579.png 350w\" sizes=\"(max-width: 415px) 100vw, 415px\" \/><\/div>\n\t\t\t\t\t<\/div>\n\t\t\t\t<\/div><\/div><\/div><\/div><\/div><\/div><\/div><\/div><\/div><\/div><script id=\"script-row-unique-1\" data-row=\"script-row-unique-1\" type=\"text\/javascript\" class=\"vc_controls\">UNCODE.initRow(document.getElementById(\"row-unique-1\"));<\/script><\/div><\/div><\/div>","protected":false},"excerpt":{"rendered":"Uma conta 1oo% digitale gratuita com tudo o quevoc\u00ea precisa ao seu alcanceAgora voc\u00ea pode abrir sua conta digital de [...]","protected":false},"author":1,"featured_media":0,"parent":0,"menu_order":0,"comment_status":"closed","ping_status":"closed","template":"","meta":{"footnotes":""},"class_list":["post-13","page","type-page","status-publish","hentry"],"_links":{"self":[{"href":"https:\/\/dashaus.app.br\/en\/wp-json\/wp\/v2\/pages\/13","targetHints":{"allow":["GET"]}}],"collection":[{"href":"https:\/\/dashaus.app.br\/en\/wp-json\/wp\/v2\/pages"}],"about":[{"href":"https:\/\/dashaus.app.br\/en\/wp-json\/wp\/v2\/types\/page"}],"author":[{"embeddable":true,"href":"https:\/\/dashaus.app.br\/en\/wp-json\/wp\/v2\/users\/1"}],"replies":[{"embeddable":true,"href":"https:\/\/dashaus.app.br\/en\/wp-json\/wp\/v2\/comments?post=13"}],"version-history":[{"count":81,"href":"https:\/\/dashaus.app.br\/en\/wp-json\/wp\/v2\/pages\/13\/revisions"}],"predecessor-version":[{"id":478,"href":"https:\/\/dashaus.app.br\/en\/wp-json\/wp\/v2\/pages\/13\/revisions\/478"}],"wp:attachment":[{"href":"https:\/\/dashaus.app.br\/en\/wp-json\/wp\/v2\/media?parent=13"}],"curies":[{"name":"wp","href":"https:\/\/api.w.org\/{rel}","templated":true}]}}